{"id":171,"date":"2025-12-18T15:33:31","date_gmt":"2025-12-18T15:33:31","guid":{"rendered":"https:\/\/rae-mp.de\/2025\/?page_id=171"},"modified":"2026-03-11T16:25:44","modified_gmt":"2026-03-11T16:25:44","slug":"start","status":"publish","type":"page","link":"https:\/\/rae-mp.de\/","title":{"rendered":"Start"},"content":{"rendered":"\n<div class=\"wp-block-cover alignfull is-light has-custom-content-position is-position-bottom-center has-aspect-ratio\" style=\"margin-top:0;margin-bottom:0;padding-top:var(--wp--preset--spacing--50);padding-right:var(--wp--preset--spacing--50);padding-bottom:var(--wp--preset--spacing--50);padding-left:var(--wp--preset--spacing--50);min-height:500px;aspect-ratio:16\/9;min-height:unset;\"><img loading=\"lazy\" decoding=\"async\" width=\"2048\" height=\"1614\" class=\"wp-block-cover__image-background wp-image-447 size-full\" alt=\"\" src=\"https:\/\/rae-mp.de\/wp-content\/uploads\/2026\/03\/Hintergrund-Format_quadrat.png\" style=\"object-position:48% 39%\" data-object-fit=\"cover\" data-object-position=\"48% 39%\" srcset=\"https:\/\/rae-mp.de\/wp-content\/uploads\/2026\/03\/Hintergrund-Format_quadrat.png 2048w, https:\/\/rae-mp.de\/wp-content\/uploads\/2026\/03\/Hintergrund-Format_quadrat-300x236.png 300w, https:\/\/rae-mp.de\/wp-content\/uploads\/2026\/03\/Hintergrund-Format_quadrat-1024x807.png 1024w, https:\/\/rae-mp.de\/wp-content\/uploads\/2026\/03\/Hintergrund-Format_quadrat-768x605.png 768w, https:\/\/rae-mp.de\/wp-content\/uploads\/2026\/03\/Hintergrund-Format_quadrat-1536x1211.png 1536w\" sizes=\"auto, (max-width: 2048px) 100vw, 2048px\" \/><span aria-hidden=\"true\" class=\"wp-block-cover__background has-background-dim-0 has-background-dim\" style=\"background-color:#838182\"><\/span><div class=\"wp-block-cover__inner-container has-global-padding is-layout-constrained wp-container-core-cover-is-layout-d89aad35 wp-block-cover-is-layout-constrained\">\n<div class=\"wp-block-group alignwide is-style-section-2 has-axia-font-family has-global-padding is-layout-constrained wp-container-core-group-is-layout-8cd6fcca wp-block-group-is-layout-constrained is-style-section-2--1\" style=\"border-style:none;border-width:0px;border-top-left-radius:0px;border-top-right-radius:0px;border-bottom-left-radius:0px;border-bottom-right-radius:0px;padding-top:0;padding-right:43px;padding-bottom:0;padding-left:43px\">\n<h5 data-wp-context---core-fit-text=\"core\/fit-text::{&quot;fontSize&quot;:&quot;&quot;}\" data-wp-init---core-fit-text=\"core\/fit-text::callbacks.init\" data-wp-interactive data-wp-style--font-size=\"core\/fit-text::context.fontSize\" class=\"wp-block-heading alignwide has-text-align-center is-style-default has-fit-text has-base-color has-accent-2-background-color has-text-color has-background has-axia-font-family\" style=\"margin-top:0;margin-right:0;margin-bottom:0;margin-left:0;padding-top:0;padding-right:0px;padding-bottom:0;padding-left:0px;font-size:0.7rem;line-height:1.3\"><strong>MENZEL \u00b7 PORZBERG \u00b7&nbsp;KR\u00c4MER<br><\/strong>Ihre Rechtsanw\u00e4lte und FACHANW\u00c4LTE<\/h5>\n<\/div>\n<\/div><\/div>\n\n\n\n<div class=\"wp-block-group alignfull is-style-section-5 has-accent-4-background-color has-background has-global-padding is-layout-constrained wp-block-group-is-layout-constrained is-style-section-5--2\" style=\"margin-top:0;margin-bottom:0;padding-top:var(--wp--preset--spacing--50);padding-bottom:var(--wp--preset--spacing--50)\">\n<div class=\"wp-block-columns alignwide is-layout-flex wp-container-core-columns-is-layout-7ee84d44 wp-block-columns-is-layout-flex\">\n<div class=\"wp-block-column is-vertically-aligned-center is-layout-flow wp-block-column-is-layout-flow\" style=\"flex-basis:100%\">\n<p class=\"has-axia-font-family has-large-font-size\">Unsere Kanzlei liegt zentral in der Gemeinde Engelskirchen und besteht aus einem engagierten Team von drei kompetenten Rechtsanw\u00e4lten. Wir stehen f\u00fcr eine pers\u00f6nliche, vertrauensvolle und l\u00f6sungsorientierte Beratung.<\/p>\n\n\n\n<p>Wir beraten und vertreten Sie in zahlreichen Rechtsgebieten \u2013 insbesondere im Zivilrecht, im Strafrecht sowie im \u00f6ffentlichen Recht. Im Zivilrecht unterst\u00fctzen wir Sie beispielsweise in erbrechtlichen sowie miet-, werk- und kaufvertraglichen Angelegenheiten.&nbsp;<\/p>\n\n\n\n<p>Unter anderem liegen Schwerpunkte unserer T\u00e4tigkeit im Familienrecht sowie im Verkehrsrecht einschlie\u00dflich des Versicherungsrechts.&nbsp;Im Familienrecht begleiten wir Sie kompetent und einf\u00fchlsam u.a. bei Scheidungen sowie in Fragen des Unterhalts, des Sorgerechts und des Kindeswohls. Im Verkehrsrecht stehen wir Ihnen bei Verkehrsunf\u00e4llen, in Bu\u00dfgeldverfahren und in F\u00fchrerscheinangelegenheiten engagiert zur Seite.<\/p>\n\n\n\n<p>Dar\u00fcber hinaus stehen wir Ihnen selbstverst\u00e4ndlich auch in weiteren Rechtsgebieten beratend und vertretend zur Seite. Auf Anfrage bieten wir zudem Schulungen und Fortbildungen an.<\/p>\n\n\n\n<p class=\"has-axia-font-family has-large-font-size\">Klar, verst\u00e4ndlich und auf Augenh\u00f6he setzen wir uns mit Nachdruck f\u00fcr Ihre Interessen ein.<\/p>\n<\/div>\n<\/div>\n<\/div>\n\n\n\n<div class=\"wp-block-group alignwide has-global-padding is-layout-constrained wp-block-group-is-layout-constrained\" style=\"margin-top:0;margin-bottom:0\">\n<hr class=\"wp-block-separator has-alpha-channel-opacity\"\/>\n<\/div>\n\n\n\n<div class=\"wp-block-group alignfull has-global-padding is-layout-constrained wp-container-core-group-is-layout-08655630 wp-block-group-is-layout-constrained\" style=\"margin-top:0;margin-bottom:0;padding-top:var(--wp--preset--spacing--80);padding-bottom:var(--wp--preset--spacing--80)\">\n<div class=\"wp-block-group alignwide is-layout-flow wp-block-group-is-layout-flow\">\n<p class=\"has-text-align-center is-style-text-display has-axia-font-family is-style-text-display--3\" style=\"font-weight:400\">Sie haben Fragen? <br><a href=\"https:\/\/rae-mp.de\/?page_id=221\" data-type=\"page\" data-id=\"221\">Sie k\u00f6nnen uns gerne kontaktieren.<\/a><\/p>\n<\/div>\n<\/div>\n","protected":false},"excerpt":{"rendered":"<p>Unsere Kanzlei liegt zentral in der Gemeinde Engelskirchen und besteht aus einem engagierten Team von drei kompetenten Rechtsanw\u00e4lten. Wir stehen f\u00fcr eine pers\u00f6nliche, vertrauensvolle und l\u00f6sungsorientierte Beratung. Wir beraten und vertreten Sie in zahlreichen Rechtsgebieten \u2013 insbesondere im Zivilrecht, im Strafrecht sowie im \u00f6ffentlichen Recht. Im Zivilrecht unterst\u00fctzen wir Sie beispielsweise in erbrechtlichen sowie miet-, [&hellip;]<\/p>\n","protected":false},"author":1,"featured_media":0,"parent":0,"menu_order":0,"comment_status":"closed","ping_status":"closed","template":"page-no-title","meta":{"footnotes":""},"class_list":["post-171","page","type-page","status-publish","hentry"],"_links":{"self":[{"href":"https:\/\/rae-mp.de\/index.php?rest_route=\/wp\/v2\/pages\/171","targetHints":{"allow":["GET"]}}],"collection":[{"href":"https:\/\/rae-mp.de\/index.php?rest_route=\/wp\/v2\/pages"}],"about":[{"href":"https:\/\/rae-mp.de\/index.php?rest_route=\/wp\/v2\/types\/page"}],"author":[{"embeddable":true,"href":"https:\/\/rae-mp.de\/index.php?rest_route=\/wp\/v2\/users\/1"}],"replies":[{"embeddable":true,"href":"https:\/\/rae-mp.de\/index.php?rest_route=%2Fwp%2Fv2%2Fcomments&post=171"}],"version-history":[{"count":66,"href":"https:\/\/rae-mp.de\/index.php?rest_route=\/wp\/v2\/pages\/171\/revisions"}],"predecessor-version":[{"id":619,"href":"https:\/\/rae-mp.de\/index.php?rest_route=\/wp\/v2\/pages\/171\/revisions\/619"}],"wp:attachment":[{"href":"https:\/\/rae-mp.de\/index.php?rest_route=%2Fwp%2Fv2%2Fmedia&parent=171"}],"curies":[{"name":"wp","href":"https:\/\/api.w.org\/{rel}","templated":true}]}}