{"id":241,"date":"2025-12-19T10:27:52","date_gmt":"2025-12-19T10:27:52","guid":{"rendered":"https:\/\/rae-mp.de\/2025\/?page_id=241"},"modified":"2026-04-16T14:37:53","modified_gmt":"2026-04-16T14:37:53","slug":"anwaelte","status":"publish","type":"page","link":"https:\/\/rae-mp.de\/?page_id=241","title":{"rendered":"Anw\u00e4lte"},"content":{"rendered":"\n<div class=\"wp-block-cover alignfull has-custom-content-position is-position-bottom-center has-aspect-ratio\" style=\"margin-top:0;margin-bottom:0;padding-top:var(--wp--preset--spacing--50);padding-right:var(--wp--preset--spacing--50);padding-bottom:var(--wp--preset--spacing--50);padding-left:var(--wp--preset--spacing--50);min-height:450px;aspect-ratio:16\/9;min-height:unset;\"><img loading=\"lazy\" decoding=\"async\" width=\"2048\" height=\"1152\" class=\"wp-block-cover__image-background wp-image-416 size-full\" alt=\"\" src=\"https:\/\/rae-mp.de\/wp-content\/uploads\/2026\/03\/Anwaelte.png\" data-object-fit=\"cover\" srcset=\"https:\/\/rae-mp.de\/wp-content\/uploads\/2026\/03\/Anwaelte.png 2048w, https:\/\/rae-mp.de\/wp-content\/uploads\/2026\/03\/Anwaelte-300x169.png 300w, https:\/\/rae-mp.de\/wp-content\/uploads\/2026\/03\/Anwaelte-1024x576.png 1024w, https:\/\/rae-mp.de\/wp-content\/uploads\/2026\/03\/Anwaelte-768x432.png 768w, https:\/\/rae-mp.de\/wp-content\/uploads\/2026\/03\/Anwaelte-1536x864.png 1536w\" sizes=\"auto, (max-width: 2048px) 100vw, 2048px\" \/><span aria-hidden=\"true\" class=\"wp-block-cover__background has-background-dim-10 has-background-dim\" style=\"background-color:#726a69\"><\/span><div class=\"wp-block-cover__inner-container has-global-padding is-layout-constrained wp-container-core-cover-is-layout-d89aad35 wp-block-cover-is-layout-constrained\">\n<div class=\"wp-block-group alignwide has-global-padding is-content-justification-left is-layout-constrained wp-container-core-group-is-layout-12dd3699 wp-block-group-is-layout-constrained\">\n<h2 class=\"wp-block-heading has-text-align-left is-style-text-display has-base-color has-text-color has-axia-font-family has-xx-large-font-size is-style-text-display--1\">Anw\u00e4lte<\/h2>\n<\/div>\n<\/div><\/div>\n\n\n\n<hr class=\"wp-block-separator has-alpha-channel-opacity\"\/>\n\n\n\n<div class=\"wp-block-media-text is-vertically-aligned-top has-base-color has-accent-4-background-color has-text-color has-background has-link-color wp-elements-91f827723dbc91eb5e842f0b219696f4\" style=\"grid-template-columns:37% auto\"><figure class=\"wp-block-media-text__media\"><img loading=\"lazy\" decoding=\"async\" width=\"683\" height=\"1024\" src=\"https:\/\/rae-mp.de\/wp-content\/uploads\/2026\/01\/MG_7257F-683x1024.jpg\" alt=\"\" class=\"wp-image-286 size-full\" srcset=\"https:\/\/rae-mp.de\/wp-content\/uploads\/2026\/01\/MG_7257F-683x1024.jpg 683w, https:\/\/rae-mp.de\/wp-content\/uploads\/2026\/01\/MG_7257F-200x300.jpg 200w, https:\/\/rae-mp.de\/wp-content\/uploads\/2026\/01\/MG_7257F-768x1152.jpg 768w, https:\/\/rae-mp.de\/wp-content\/uploads\/2026\/01\/MG_7257F-1024x1536.jpg 1024w, https:\/\/rae-mp.de\/wp-content\/uploads\/2026\/01\/MG_7257F-1365x2048.jpg 1365w, https:\/\/rae-mp.de\/wp-content\/uploads\/2026\/01\/MG_7257F-scaled.jpg 1706w\" sizes=\"auto, (max-width: 683px) 100vw, 683px\" \/><\/figure><div class=\"wp-block-media-text__content\">\n<h3 class=\"wp-block-heading is-style-default\"><strong><strong><strong>Rechtsanwalt * <br>Volker Menzel<\/strong><\/strong><\/strong><\/h3>\n\n\n\n<p class=\"is-style-default\" style=\"font-size:clamp(0.875rem, 0.875rem + ((1vw - 0.2rem) * 0.196), 1rem);\"><em><em>Fachanwalt f\u00fcr <\/em><br>&#8211; <em>Mietrecht<\/em> <br>&#8211; <em>Wohnungseigentumsrecht<\/em><br><em>&#8211; Familienrecht<\/em><\/em><\/p>\n<\/div><\/div>\n\n\n\n<div class=\"wp-block-group is-layout-flow wp-block-group-is-layout-flow\" style=\"border-top-color:var(--wp--preset--color--accent-6);border-top-width:1px;padding-top:var(--wp--preset--spacing--30);padding-bottom:var(--wp--preset--spacing--30)\">\n<p>Rechtsanwalt Menzel absolvierte sein Studium an den Universit\u00e4ten Trier und zu K\u00f6ln mit Schwerpunkt im Wirtschafts- und Steuerrecht. W\u00e4hrend seines Studiums arbeitete Rechtsanwalt Menzel in der Kanzlei Prof. Dr. Felix in K\u00f6ln und in der Verlagen RWS und Dr. Otto Schmidt f\u00fcr verschiedene juristische Zeitschriften. Ebenso war Rechtsanwalt Menzel in der Gesellschaft f\u00fcr betriebliches Sozialwesen t\u00e4tig. <\/p>\n\n\n\n<p>Nach seinem ersten juristischen Staatsexamen absolvierte Rechtsanwalt Menzel sein Referendariat am Landgericht in D\u00fcsseldorf. W\u00e4hrend seiner Referendariatszeit war er in den Verlagen Dr. Otto Schmidt und Deutsche Welle in K\u00f6ln t\u00e4tig. <\/p>\n\n\n\n<p>Nach erfolgreicher Ablegung seines zweiten juristischen Staatsexamens erlangte Rechtsanwalt Menzel im Jahr 1993 seine Zulassung als Rechtsanwalt und war seitdem in verschiedenen zivilrechtlich ausgerichtete Rechtsanwaltskanzleien in D\u00fcsseldorf Solingen K\u00f6ln und M\u00f6nchengladbach rechtsberatend t\u00e4tig. <\/p>\n\n\n\n<p>Bis zum Jahr 2009 erwarb Rechtsanwalt Menzel neben seiner anwaltlichen T\u00e4tigkeit als Syndikusanwalt und Rechtsberater bei einem Mieterverein in NRW umfangreiche Kenntnisse im Miet- und Wohnungseigentumsrecht. Nach erfolgreich abgelegter Pr\u00fcfung des Fachanwaltslehrgangs f\u00fcr Miet-und Wohnungseigentumsrecht erlangte Rechtsanwalt Menzel seinen Titel Fachanwalt f\u00fcr Miet-und WEG-Recht. Seit dem Jahr 1995 f\u00fchrt Rechtsanwalt Menzel zahlreiche Vortrags- und Seminarveranstaltungen im Mietrecht durch. <\/p>\n\n\n\n<p><strong>Mitgliedschaften:<\/strong> <br>K\u00f6lner Anwaltverein <br>Deutscher Anwaltverein <br>Arbeitsgemeinschaft Mietrecht und Immobilien des Deutschen Anwaltsvereins<\/p>\n\n\n\n<p>* angestellter Anwalt<\/p>\n<\/div>\n\n\n\n<div class=\"wp-block-group is-layout-flow wp-block-group-is-layout-flow\" style=\"border-top-color:var(--wp--preset--color--accent-6);border-top-width:1px;padding-top:var(--wp--preset--spacing--30);padding-bottom:var(--wp--preset--spacing--30)\">\n<div class=\"wp-block-media-text is-vertically-aligned-top has-base-color has-accent-4-background-color has-text-color has-background has-link-color wp-elements-a9e45cdcf92042b820f692bdaf9c8fec\" style=\"grid-template-columns:37% auto\"><figure class=\"wp-block-media-text__media\"><img loading=\"lazy\" decoding=\"async\" width=\"683\" height=\"1024\" src=\"https:\/\/rae-mp.de\/wp-content\/uploads\/2026\/01\/MG_7344I-683x1024.jpg\" alt=\"\" class=\"wp-image-287 size-full\" srcset=\"https:\/\/rae-mp.de\/wp-content\/uploads\/2026\/01\/MG_7344I-683x1024.jpg 683w, https:\/\/rae-mp.de\/wp-content\/uploads\/2026\/01\/MG_7344I-200x300.jpg 200w, https:\/\/rae-mp.de\/wp-content\/uploads\/2026\/01\/MG_7344I-768x1152.jpg 768w, https:\/\/rae-mp.de\/wp-content\/uploads\/2026\/01\/MG_7344I-1024x1536.jpg 1024w, https:\/\/rae-mp.de\/wp-content\/uploads\/2026\/01\/MG_7344I-1365x2048.jpg 1365w, https:\/\/rae-mp.de\/wp-content\/uploads\/2026\/01\/MG_7344I-scaled.jpg 1707w\" sizes=\"auto, (max-width: 683px) 100vw, 683px\" \/><\/figure><div class=\"wp-block-media-text__content\">\n<h3 class=\"wp-block-heading is-style-default\"><strong><strong>Rechtsanwalt <\/strong><br>Markus <strong>Porzberg<\/strong><\/strong><\/h3>\n\n\n\n<p class=\"is-style-default\" style=\"font-size:clamp(0.875rem, 0.875rem + ((1vw - 0.2rem) * 0.196), 1rem);\"><em>Fachanwalt f\u00fcr Verkehrsrecht <\/em><\/p>\n<\/div><\/div>\n\n\n\n<p class=\"has-axia-font-family has-large-font-size\">Das Studium der Rechtswissenschaften begann Rechtsanwalt Porzberg im Jahr 2000 an der Technischen Universit\u00e4t Dresden. Nach erfolgreich abgelegter Zwischenpr\u00fcfung im Jahr 2002 setzte er sein Studium an der Universit\u00e4t zu K\u00f6ln fort. W\u00e4hrend seines Studiums war Rechtsanwalt Porzberg als Mitarbeiter an einem zivilprozessrechtlichen Lehrstuhl an der Universit\u00e4t zu K\u00f6ln t\u00e4tig. Des weiteren arbeitete er als wissenschaftlicher Mitarbeiter in einer K\u00f6lner Anwaltskanzlei. <\/p>\n\n\n\n<p class=\"has-axia-font-family has-large-font-size\">Seine erste juristische Staatspr\u00fcfung legte Rechtsanwalt Porzberg im Jahr 2004 erfolgreich ab. W\u00e4hrend seines Referendariats am Landgericht K\u00f6ln in den Jahren von 2005 bis 2007 spezialisierte sich Rechtsanwalt Porzberg im Medizinrecht und war als wissenschaftlicher Mitarbeiter in einer K\u00f6lner Anwaltskanzlei im Medizinrecht t\u00e4tig. <\/p>\n\n\n\n<p class=\"has-axia-font-family has-large-font-size\">Nach der erfolgreich abgelegten zweiten juristischen Staatspr\u00fcfung im Jahr 2007 erlangte Rechtsanwalt Porzberg nach T\u00e4tigkeit als wissenschaftlicher Mitarbeiter und einem Auslandsaufenthalt im Jahr 2009 seine Zulassung als Rechtsanwalt. Nach anwaltlicher T\u00e4tigkeit in einer K\u00f6lner Anwaltskanzlei gr\u00fcndete Rechtsanwalt Porzberg als Juniorpartner gemeinsam mit Rechtsanwalt Menzel die Kanzlei M &amp; P Rechtsanw\u00e4lte. Mit gro\u00dfem Erfolg f\u00fchrt Rechtsanwalt Porzberg Mandate im Medizinrecht und Versicherungsrecht und betreut Unternehmen im Handels- und Gesellschaftsrecht. Rechtsanwalt Porzberg ist zudem Referent bei zahlreichen Seminarveranstaltungen.<\/p>\n\n\n\n<p><strong>Mitgliedschaften:<\/strong> <br>K\u00f6lner Anwaltverein <br>Deutscher Anwaltverein <br>Arbeitsgemeinschaft Medizinrecht<\/p>\n\n\n\n<div class=\"wp-block-group is-layout-flow wp-block-group-is-layout-flow\" style=\"border-top-color:var(--wp--preset--color--accent-6);border-top-width:1px;padding-top:var(--wp--preset--spacing--30);padding-bottom:var(--wp--preset--spacing--30)\">\n<div class=\"wp-block-media-text is-vertically-aligned-top has-base-color has-accent-4-background-color has-text-color has-background has-link-color wp-elements-5d67c6ab69e4f147ddb6aad43bbd77d1\" style=\"grid-template-columns:37% auto\"><figure class=\"wp-block-media-text__media\"><img loading=\"lazy\" decoding=\"async\" width=\"683\" height=\"1024\" src=\"https:\/\/rae-mp.de\/wp-content\/uploads\/2026\/01\/MG_7309F-683x1024.jpg\" alt=\"\" class=\"wp-image-288 size-full\" srcset=\"https:\/\/rae-mp.de\/wp-content\/uploads\/2026\/01\/MG_7309F-683x1024.jpg 683w, https:\/\/rae-mp.de\/wp-content\/uploads\/2026\/01\/MG_7309F-200x300.jpg 200w, https:\/\/rae-mp.de\/wp-content\/uploads\/2026\/01\/MG_7309F-768x1152.jpg 768w, https:\/\/rae-mp.de\/wp-content\/uploads\/2026\/01\/MG_7309F-1024x1536.jpg 1024w, https:\/\/rae-mp.de\/wp-content\/uploads\/2026\/01\/MG_7309F-1365x2048.jpg 1365w, https:\/\/rae-mp.de\/wp-content\/uploads\/2026\/01\/MG_7309F-scaled.jpg 1706w\" sizes=\"auto, (max-width: 683px) 100vw, 683px\" \/><\/figure><div class=\"wp-block-media-text__content\">\n<h3 class=\"wp-block-heading is-style-default has-large-font-size\"><strong><strong><strong>Rechtsanw\u00c4ltIN <\/strong><br>SARAH <strong>KR\u00c4MER<\/strong><\/strong><\/strong><\/h3>\n\n\n\n<p class=\"is-style-default\" style=\"font-size:clamp(0.875rem, 0.875rem + ((1vw - 0.2rem) * 0.196), 1rem);\"><\/p>\n<\/div><\/div>\n\n\n\n<p class=\"has-axia-font-family has-large-font-size\">Frau Rechtsanw\u00e4ltin Sarah Kr\u00e4mer vervollst\u00e4ndigt unser Team mit fundierter fachlicher Expertise und internationaler Perspektive. Sie studierte Rechtswissenschaften von 2014 bis 2020 an der Rheinischen Friedrich-Wilhelms-Universit\u00e4t Bonn. W\u00e4hrend ihres Studiums absolvierte sie ein Auslandssemester an der Universitat Pompeu Fabra (UPF) in Barcelona und vertiefte dort ihre Kenntnisse im internationalen Privatrecht. Ab 2017 sammelte sie neben dem Studium praktische Erfahrungen als studentische Hilfskraft bei der Kanzlei BLD Bach Langheid Dallmayr.<\/p>\n\n\n\n<p class=\"has-axia-font-family has-large-font-size\">Ihr Referendariat absolvierte Frau Kr\u00e4mer am Oberlandesgericht K\u00f6ln und legte im Mai 2023 erfolgreich ihr Zweites Staatsexamen ab. Anschlie\u00dfend arbeitete sie von August 2023 bis Oktober 2025 als Rechtsanw\u00e4ltin bei derselben auf Versicherungsrecht spezialisierten Kanzlei BLD Bach Langheid Dallmayr in K\u00f6ln.<\/p>\n\n\n\n<p class=\"has-axia-font-family has-large-font-size\">Dort war sie schwerpunktm\u00e4\u00dfig im Bereich der Kraftfahrtversicherung t\u00e4tig und bearbeitete eine Vielzahl von Sach- und Personensch\u00e4den infolge von Verkehrsunf\u00e4llen. Ihr Aufgabenbereich umfasste insbesondere komplexe Versicherungsf\u00e4lle in der Kasko- und Kfz-Haftpflichtversicherung sowie die Bearbeitung von Auslandssch\u00e4den.<\/p>\n\n\n\n<p>Neben ihrer besonderen Expertise im Verkehrs- und Versicherungsrecht ber\u00e4t und vertritt Frau Rechtsanw\u00e4ltin Kr\u00e4mer auch Mandantinnen und Mandanten in allen wesentlichen Bereichen des \u00d6ffentlichen Rechts und des Zivilrechts, einschlie\u00dflich des Familienrechts. In diesem sensiblen Rechtsgebiet begleitet sie ihre Mandanten einf\u00fchlsam und praxisorientiert, stets mit der notwendigen Klarheit und rechtlichen Durchsetzungskraft.<\/p>\n\n\n\n<p><strong>Mitgliedschaften:<\/strong> <br>K\u00f6lner Anwaltverein <br>Deutscher Anwaltverein<\/p>\n<\/div>\n<\/div>\n","protected":false},"excerpt":{"rendered":"<p>Rechtsanwalt * Volker Menzel Fachanwalt f\u00fcr &#8211; Mietrecht &#8211; Wohnungseigentumsrecht&#8211; Familienrecht Rechtsanwalt Menzel absolvierte sein Studium an den Universit\u00e4ten Trier und zu K\u00f6ln mit Schwerpunkt im Wirtschafts- und Steuerrecht. W\u00e4hrend seines Studiums arbeitete Rechtsanwalt Menzel in der Kanzlei Prof. Dr. Felix in K\u00f6ln und in der Verlagen RWS und Dr. Otto Schmidt f\u00fcr verschiedene juristische [&hellip;]<\/p>\n","protected":false},"author":1,"featured_media":0,"parent":0,"menu_order":0,"comment_status":"closed","ping_status":"closed","template":"page-no-title","meta":{"footnotes":""},"class_list":["post-241","page","type-page","status-publish","hentry"],"_links":{"self":[{"href":"https:\/\/rae-mp.de\/index.php?rest_route=\/wp\/v2\/pages\/241","targetHints":{"allow":["GET"]}}],"collection":[{"href":"https:\/\/rae-mp.de\/index.php?rest_route=\/wp\/v2\/pages"}],"about":[{"href":"https:\/\/rae-mp.de\/index.php?rest_route=\/wp\/v2\/types\/page"}],"author":[{"embeddable":true,"href":"https:\/\/rae-mp.de\/index.php?rest_route=\/wp\/v2\/users\/1"}],"replies":[{"embeddable":true,"href":"https:\/\/rae-mp.de\/index.php?rest_route=%2Fwp%2Fv2%2Fcomments&post=241"}],"version-history":[{"count":48,"href":"https:\/\/rae-mp.de\/index.php?rest_route=\/wp\/v2\/pages\/241\/revisions"}],"predecessor-version":[{"id":670,"href":"https:\/\/rae-mp.de\/index.php?rest_route=\/wp\/v2\/pages\/241\/revisions\/670"}],"wp:attachment":[{"href":"https:\/\/rae-mp.de\/index.php?rest_route=%2Fwp%2Fv2%2Fmedia&parent=241"}],"curies":[{"name":"wp","href":"https:\/\/api.w.org\/{rel}","templated":true}]}}