{"id":246,"date":"2025-12-19T10:38:11","date_gmt":"2025-12-19T10:38:11","guid":{"rendered":"https:\/\/rae-mp.de\/2025\/?page_id=246"},"modified":"2026-04-16T14:34:27","modified_gmt":"2026-04-16T14:34:27","slug":"impressum","status":"publish","type":"page","link":"https:\/\/rae-mp.de\/?page_id=246","title":{"rendered":"Impressum"},"content":{"rendered":"\n<div class=\"wp-block-cover alignfull has-custom-content-position is-position-bottom-center has-aspect-ratio\" style=\"margin-top:0;margin-bottom:0;padding-top:var(--wp--preset--spacing--50);padding-right:var(--wp--preset--spacing--50);padding-bottom:var(--wp--preset--spacing--50);padding-left:var(--wp--preset--spacing--50);min-height:450px;aspect-ratio:16\/9;min-height:unset;\"><img loading=\"lazy\" decoding=\"async\" width=\"2560\" height=\"1429\" class=\"wp-block-cover__image-background wp-image-475 size-full\" alt=\"\" src=\"https:\/\/rae-mp.de\/wp-content\/uploads\/2026\/03\/Firefly_GeminiFlash_in-stein-gemeislte-Paragraphenzeichen.-Sie-stehen-auf-einer-Landschafte-wie-die-Statu-740316-scaled.png\" data-object-fit=\"cover\" srcset=\"https:\/\/rae-mp.de\/wp-content\/uploads\/2026\/03\/Firefly_GeminiFlash_in-stein-gemeislte-Paragraphenzeichen.-Sie-stehen-auf-einer-Landschafte-wie-die-Statu-740316-scaled.png 2560w, https:\/\/rae-mp.de\/wp-content\/uploads\/2026\/03\/Firefly_GeminiFlash_in-stein-gemeislte-Paragraphenzeichen.-Sie-stehen-auf-einer-Landschafte-wie-die-Statu-740316-300x167.png 300w, https:\/\/rae-mp.de\/wp-content\/uploads\/2026\/03\/Firefly_GeminiFlash_in-stein-gemeislte-Paragraphenzeichen.-Sie-stehen-auf-einer-Landschafte-wie-die-Statu-740316-1024x572.png 1024w, https:\/\/rae-mp.de\/wp-content\/uploads\/2026\/03\/Firefly_GeminiFlash_in-stein-gemeislte-Paragraphenzeichen.-Sie-stehen-auf-einer-Landschafte-wie-die-Statu-740316-768x429.png 768w, https:\/\/rae-mp.de\/wp-content\/uploads\/2026\/03\/Firefly_GeminiFlash_in-stein-gemeislte-Paragraphenzeichen.-Sie-stehen-auf-einer-Landschafte-wie-die-Statu-740316-1536x857.png 1536w, https:\/\/rae-mp.de\/wp-content\/uploads\/2026\/03\/Firefly_GeminiFlash_in-stein-gemeislte-Paragraphenzeichen.-Sie-stehen-auf-einer-Landschafte-wie-die-Statu-740316-2048x1143.png 2048w\" sizes=\"auto, (max-width: 2560px) 100vw, 2560px\" \/><span aria-hidden=\"true\" class=\"wp-block-cover__background has-background-dim-10 has-background-dim\" style=\"background-color:#80807b\"><\/span><div class=\"wp-block-cover__inner-container has-global-padding is-layout-constrained wp-container-core-cover-is-layout-d89aad35 wp-block-cover-is-layout-constrained\">\n<div class=\"wp-block-group alignwide has-global-padding is-content-justification-left is-layout-constrained wp-container-core-group-is-layout-12dd3699 wp-block-group-is-layout-constrained\">\n<h2 class=\"wp-block-heading has-text-align-left is-style-text-display has-base-color has-text-color has-axia-font-family has-xx-large-font-size is-style-text-display--1\">Impressum<\/h2>\n<\/div>\n<\/div><\/div>\n\n\n\n<div class=\"wp-block-group alignfull is-style-section-5 has-accent-4-background-color has-background has-global-padding is-layout-constrained wp-block-group-is-layout-constrained is-style-section-5--2\" style=\"margin-top:0;margin-bottom:0;padding-top:var(--wp--preset--spacing--50);padding-bottom:var(--wp--preset--spacing--50)\">\n<div class=\"wp-block-columns alignwide is-layout-flex wp-container-core-columns-is-layout-7ee84d44 wp-block-columns-is-layout-flex\">\n<div class=\"wp-block-column is-vertically-aligned-center is-layout-flow wp-block-column-is-layout-flow\" style=\"flex-basis:100%\">\n<p>Angaben nach \u00a7 5TMG:<\/p>\n\n\n\n<p>Entsprechend den gesetzlichen Vorgaben nach \u00a7 5 TMG geben wir folgende Informationen bekannt:<\/p>\n\n\n\n<p>Die Rechtsanw\u00e4lte Volker Menzel, Markus Porzberg und die Rechtsanw\u00e4ltin Sarah Kr\u00e4mer sind Mitglieder der Rechtsanwaltskammer K\u00f6ln (Oberlandesgerichtsbezirk K\u00f6ln). F\u00fcr die Rechtsanw\u00e4lte gelten die Berufsordnung der Rechtsanw\u00e4lte, die Bundesrechtsanwaltsordnung sowie das Rechtsanwaltsverg\u00fctungsgesetz.<\/p>\n\n\n\n<p>Angaben zur Haftung:<\/p>\n\n\n\n<p>Die Rechtsanw\u00e4lte M &amp; P MENZEL \u00b7 PORZBERG \u00b7&nbsp;KR\u00c4MER stellen auf dieser Homepage aktuelle Informationen zur Verf\u00fcgung. Eine Haftung kann f\u00fcr den Inhalt, insbesondere f\u00fcr die Verlinkungen und deren Inhalte, jedoch nicht \u00fcbernommen werden, da die Informationen unter Umst\u00e4nden nicht vollst\u00e4ndig sein und eine auf den Einzelfall zugeschnittene rechtliche Beratung nicht ersetzen k\u00f6nnen.<\/p>\n\n\n\n<p>Es gelten folgende Geb\u00fchren- und Berufsordnungen:<\/p>\n\n\n\n<p>\u25fe BRAO &#8211; Bundesrechtsanwaltsordnung<\/p>\n\n\n\n<p>\u25fe BORA &#8211; Berufsordnung f\u00fcr Rechtsanw\u00e4lte<\/p>\n\n\n\n<p>\u25fe Fachanwaltsordnung<\/p>\n\n\n\n<p>\u25fe RVG &#8211; Rechtsanwaltsverg\u00fctungsgesetz<\/p>\n\n\n\n<p>Vertretungsberechtigte Gesellschafter:<\/p>\n\n\n\n<p>Rechtsanwalt Markus Porzberg<\/p>\n\n\n\n<p>Rechtsanw\u00e4ltin Sarah Kr\u00e4mer<\/p>\n\n\n\n<p>________________________<\/p>\n\n\n\n<p><\/p>\n\n\n\n<p>Volker Menzel Angestellter Anwalt<\/p>\n\n\n\n<p>Disclaimer\/Copyright<\/p>\n\n\n\n<p>Alle Rechte vorbehalten. F\u00fcr die Inhalte, insbesondere f\u00fcr die per Quellenangabe als von Dritten bezogen gekennzeichneten Inhalte, gilt:<br>Alle Texte, Bilder und Grafiken unterliegen dem Urheberrecht und Gesetzen zum Schutz geistigen Eigentums.<\/p>\n\n\n\n<p>Alle Inhalte sind nur zur pers\u00f6nlichen Information bestimmt. Jede weitergehende kommerzielle Verwendung, insbesondere die Speicherung in Datenbanken, Ver\u00f6ffentlichung, Vervielf\u00e4ltigung und jede Form von gewerblicher Nutzung sowie die Weitergabe an Dritte &#8211; auch in Teilen oder in \u00fcberarbeiteter Form &#8211; ohne Zustimmung der Rechteinhaber ist untersagt.<\/p>\n\n\n\n<p>Ausgenommen hiervon sind die Seiten des Bereichs Presse- und \u00d6ffentlichkeitsarbeit. Das hier angebotene Text- und Bildmaterial steht zur redaktionellen Verwendung im Rahmen der gesetzlichen Bestimmungen zur freien Verf\u00fcgung.<\/p>\n<\/div>\n<\/div>\n<\/div>\n","protected":false},"excerpt":{"rendered":"<p>Angaben nach \u00a7 5TMG: Entsprechend den gesetzlichen Vorgaben nach \u00a7 5 TMG geben wir folgende Informationen bekannt: Die Rechtsanw\u00e4lte Volker Menzel, Markus Porzberg und die Rechtsanw\u00e4ltin Sarah Kr\u00e4mer sind Mitglieder der Rechtsanwaltskammer K\u00f6ln (Oberlandesgerichtsbezirk K\u00f6ln). F\u00fcr die Rechtsanw\u00e4lte gelten die Berufsordnung der Rechtsanw\u00e4lte, die Bundesrechtsanwaltsordnung sowie das Rechtsanwaltsverg\u00fctungsgesetz. Angaben zur Haftung: Die Rechtsanw\u00e4lte M &amp; [&hellip;]<\/p>\n","protected":false},"author":1,"featured_media":0,"parent":0,"menu_order":0,"comment_status":"closed","ping_status":"closed","template":"page-no-title","meta":{"footnotes":""},"class_list":["post-246","page","type-page","status-publish","hentry"],"_links":{"self":[{"href":"https:\/\/rae-mp.de\/index.php?rest_route=\/wp\/v2\/pages\/246","targetHints":{"allow":["GET"]}}],"collection":[{"href":"https:\/\/rae-mp.de\/index.php?rest_route=\/wp\/v2\/pages"}],"about":[{"href":"https:\/\/rae-mp.de\/index.php?rest_route=\/wp\/v2\/types\/page"}],"author":[{"embeddable":true,"href":"https:\/\/rae-mp.de\/index.php?rest_route=\/wp\/v2\/users\/1"}],"replies":[{"embeddable":true,"href":"https:\/\/rae-mp.de\/index.php?rest_route=%2Fwp%2Fv2%2Fcomments&post=246"}],"version-history":[{"count":23,"href":"https:\/\/rae-mp.de\/index.php?rest_route=\/wp\/v2\/pages\/246\/revisions"}],"predecessor-version":[{"id":668,"href":"https:\/\/rae-mp.de\/index.php?rest_route=\/wp\/v2\/pages\/246\/revisions\/668"}],"wp:attachment":[{"href":"https:\/\/rae-mp.de\/index.php?rest_route=%2Fwp%2Fv2%2Fmedia&parent=246"}],"curies":[{"name":"wp","href":"https:\/\/api.w.org\/{rel}","templated":true}]}}