{"id":333,"date":"2026-01-13T12:28:06","date_gmt":"2026-01-13T12:28:06","guid":{"rendered":"https:\/\/rae-mp.de\/2025\/?page_id=333"},"modified":"2026-04-16T14:31:53","modified_gmt":"2026-04-16T14:31:53","slug":"die-kanzlei","status":"publish","type":"page","link":"https:\/\/rae-mp.de\/?page_id=333","title":{"rendered":"Die Kanzlei"},"content":{"rendered":"\n<div class=\"wp-block-cover alignfull is-light has-custom-content-position is-position-bottom-center has-aspect-ratio\" style=\"margin-top:0;margin-bottom:0;padding-top:var(--wp--preset--spacing--50);padding-right:var(--wp--preset--spacing--50);padding-bottom:var(--wp--preset--spacing--50);padding-left:var(--wp--preset--spacing--50);min-height:450px;aspect-ratio:16\/9;min-height:unset;\"><img loading=\"lazy\" decoding=\"async\" width=\"2048\" height=\"1159\" class=\"wp-block-cover__image-background wp-image-414 size-full\" alt=\"\" src=\"https:\/\/rae-mp.de\/wp-content\/uploads\/2026\/03\/Hintergrund-Papa-Porzi.png\" style=\"object-position:47% 33%\" data-object-fit=\"cover\" data-object-position=\"47% 33%\" srcset=\"https:\/\/rae-mp.de\/wp-content\/uploads\/2026\/03\/Hintergrund-Papa-Porzi.png 2048w, https:\/\/rae-mp.de\/wp-content\/uploads\/2026\/03\/Hintergrund-Papa-Porzi-300x170.png 300w, https:\/\/rae-mp.de\/wp-content\/uploads\/2026\/03\/Hintergrund-Papa-Porzi-1024x580.png 1024w, https:\/\/rae-mp.de\/wp-content\/uploads\/2026\/03\/Hintergrund-Papa-Porzi-768x435.png 768w, https:\/\/rae-mp.de\/wp-content\/uploads\/2026\/03\/Hintergrund-Papa-Porzi-1536x869.png 1536w\" sizes=\"auto, (max-width: 2048px) 100vw, 2048px\" \/><span aria-hidden=\"true\" class=\"wp-block-cover__background has-background-dim-10 has-background-dim\" style=\"background-color:#ababad\"><\/span><div class=\"wp-block-cover__inner-container has-global-padding is-layout-constrained wp-container-core-cover-is-layout-d89aad35 wp-block-cover-is-layout-constrained\">\n<div class=\"wp-block-group alignwide has-global-padding is-content-justification-left is-layout-constrained wp-container-core-group-is-layout-12dd3699 wp-block-group-is-layout-constrained\">\n<h2 class=\"wp-block-heading has-text-align-left is-style-text-display has-base-color has-text-color has-axia-font-family has-xx-large-font-size is-style-text-display--1\">Die Kanzlei<\/h2>\n<\/div>\n<\/div><\/div>\n\n\n\n<div class=\"wp-block-group alignfull is-style-section-5 has-accent-4-background-color has-background has-global-padding is-layout-constrained wp-block-group-is-layout-constrained is-style-section-5--2\" style=\"margin-top:0;margin-bottom:0;padding-top:var(--wp--preset--spacing--50);padding-bottom:var(--wp--preset--spacing--50)\">\n<div class=\"wp-block-columns alignwide is-layout-flex wp-container-core-columns-is-layout-7ee84d44 wp-block-columns-is-layout-flex\">\n<div class=\"wp-block-column is-vertically-aligned-center is-layout-flow wp-block-column-is-layout-flow\" style=\"flex-basis:100%\">\n<p>Unsere Kanzlei ist eine mittelst\u00e4ndig gepr\u00e4gte Soziet\u00e4t mit Sitz in Engelskirchen, die im Jahr 2009 von Rechtsanwalt Menzel und Rechtsanwalt Porzberg gegr\u00fcndet wurde. Seitdem stehen wir unseren Mandantinnen und Mandanten mit kompetenter, engagierter und pers\u00f6nlicher Rechtsberatung in allen wesentlichen Bereichen des Zivilrechts zur Seite. Unser Anspruch ist es, praxisnahe und nachhaltige L\u00f6sungen zu entwickeln \u2013 sowohl au\u00dfergerichtlich als auch vor Gericht.<\/p>\n\n\n\n<p>Wir beraten und vertreten Sie in zahlreichen Rechtsgebieten \u2013 insbesondere im Zivilrecht, im Strafrecht sowie im \u00f6ffentlichen Recht. Im Zivilrecht unterst\u00fctzen wir Sie beispielsweise in erbrechtlichen, arbeitsrechtlichen sowie miet-, werk- und kaufvertraglichen Angelegenheiten.&nbsp;<\/p>\n\n\n\n<p>Ein besonderer Schwerpunkt unserer Kanzlei liegt im Verkehrsrecht, das wir umfassend und in seiner gesamten Bandbreite abdecken. Rechtsanwalt Porzberg ist Fachanwalt f\u00fcr Verkehrsrecht und verf\u00fcgt \u00fcber eine langj\u00e4hrige und ausgewiesene Expertise auf diesem Gebiet. Seit 2026 wird unser Team durch Rechtsanw\u00e4ltin Kr\u00e4mer verst\u00e4rkt, die zuvor in einer Gro\u00dfkanzlei t\u00e4tig war und dort im Bereich des Kfz-Rechts umfangreiche Erfahrungen und eine gro\u00dfe Expertise gesammelt hat. Diese geb\u00fcndelte Fachkompetenz erm\u00f6glicht uns eine besonders fundierte und spezialisierte Beratung im Verkehrsrecht.<\/p>\n\n\n\n<p>Dar\u00fcber hinaus legen wir einen besonderen Fokus auf das Familienrecht, f\u00fcr das Rechtsanwalt Volker Menzel als Fachanwalt ist. Gerade in sensiblen pers\u00f6nlichen Angelegenheiten begleiten wir unsere Mandantinnen und Mandanten mit Einf\u00fchlungsverm\u00f6gen, Klarheit und der notwendigen rechtlichen Durchsetzungskraft.<\/p>\n\n\n\n<p>Eine weitere zentrale Kompetenz ist zudem das Mietrecht. Wir beraten und vertreten sowohl Vermieter als auch Mieter in allen wesentlichen Fragen des Mietverh\u00e4ltnisses, insbesondere bei Durchsetzung und Abwehr von R\u00e4umungsanspr\u00fcchen sowie der Durchf\u00fchrung von R\u00e4umungsklagen.<\/p>\n\n\n\n<p>Anwaltliche Beratungs- und Vertretungst\u00e4tigkeit verstehen wir als hochanspruchsvolle und unsere Mandanten umfassend zufriedenstellende Dienstleistung. Das setzt ein hohes Ma\u00df an pers\u00f6nlichem Einsatz f\u00fcr die Interessen unserer Klienten voraus. So merken unsere Klienten schnell, dass wir erfolgsorientiert handeln und auf den Einzelfall exakt passende L\u00f6sungen suchen, f\u00fcr die wir auch unkonventionelle Wege gehen.<\/p>\n<\/div>\n<\/div>\n<\/div>\n","protected":false},"excerpt":{"rendered":"<p>Unsere Kanzlei ist eine mittelst\u00e4ndig gepr\u00e4gte Soziet\u00e4t mit Sitz in Engelskirchen, die im Jahr 2009 von Rechtsanwalt Menzel und Rechtsanwalt Porzberg gegr\u00fcndet wurde. Seitdem stehen wir unseren Mandantinnen und Mandanten mit kompetenter, engagierter und pers\u00f6nlicher Rechtsberatung in allen wesentlichen Bereichen des Zivilrechts zur Seite. Unser Anspruch ist es, praxisnahe und nachhaltige L\u00f6sungen zu entwickeln \u2013 [&hellip;]<\/p>\n","protected":false},"author":1,"featured_media":414,"parent":0,"menu_order":0,"comment_status":"closed","ping_status":"closed","template":"page-no-title","meta":{"footnotes":""},"class_list":["post-333","page","type-page","status-publish","has-post-thumbnail","hentry"],"_links":{"self":[{"href":"https:\/\/rae-mp.de\/index.php?rest_route=\/wp\/v2\/pages\/333","targetHints":{"allow":["GET"]}}],"collection":[{"href":"https:\/\/rae-mp.de\/index.php?rest_route=\/wp\/v2\/pages"}],"about":[{"href":"https:\/\/rae-mp.de\/index.php?rest_route=\/wp\/v2\/types\/page"}],"author":[{"embeddable":true,"href":"https:\/\/rae-mp.de\/index.php?rest_route=\/wp\/v2\/users\/1"}],"replies":[{"embeddable":true,"href":"https:\/\/rae-mp.de\/index.php?rest_route=%2Fwp%2Fv2%2Fcomments&post=333"}],"version-history":[{"count":18,"href":"https:\/\/rae-mp.de\/index.php?rest_route=\/wp\/v2\/pages\/333\/revisions"}],"predecessor-version":[{"id":665,"href":"https:\/\/rae-mp.de\/index.php?rest_route=\/wp\/v2\/pages\/333\/revisions\/665"}],"wp:featuredmedia":[{"embeddable":true,"href":"https:\/\/rae-mp.de\/index.php?rest_route=\/wp\/v2\/media\/414"}],"wp:attachment":[{"href":"https:\/\/rae-mp.de\/index.php?rest_route=%2Fwp%2Fv2%2Fmedia&parent=333"}],"curies":[{"name":"wp","href":"https:\/\/api.w.org\/{rel}","templated":true}]}}